{"id":584,"date":"2013-01-22T09:46:18","date_gmt":"2013-01-22T08:46:18","guid":{"rendered":"http:\/\/sea.umh.es\/?page_id=584"},"modified":"2023-02-23T17:14:39","modified_gmt":"2023-02-23T16:14:39","slug":"recursos-de-experimentacion-animal","status":"publish","type":"page","link":"https:\/\/sea.umh.es\/en\/recursos-de-experimentacion-animal\/","title":{"rendered":"Animal Reseach Resources"},"content":{"rendered":"<p><span id=\"result_box\" lang=\"en\"><span title=\"Cursos a desarrollar en octubre de 2013:\">Courses to develop in October 2013 :<\/p>\n<p><\/span><span title=\"Se han abierto los plazos para preinscripci\u00f3n e inscripci\u00f3n en los cursos de Experimentaci\u00f3n Animal 2013 que organiza el Servicio de Experimentaci\u00f3n Animal de la UMH, y que como otros a\u00f1os son:\">They are opened for pre-registration and registration deadlines in 2013 Animal Experimentation courses organized by the Animal Experimentation Service of the UMH , and as other years are:<\/p>\n<p><\/span><span title=\"- Experimentador Animal VI Edici\u00f3n: del 1 al 19 de octubre.\">&#8211; Animal Experimenter VI Edition: 1 to October 19 . <\/span><span title=\"Formato semipresencial: Teor\u00eda y pr\u00e1cticas no presenciales \u201con-line\u201d, y pr\u00e1cticas presenciales y examen final los d\u00edas 18 y 19 de octubre.\">Semipresential : Theory and practicals &#8221; on- line &#8221; and practicals and final exam on 18 and 19 October. <\/span><span title=\"Coste 300 \u20ac.\">Cost \u20ac 300 .<\/p>\n<p><\/span><span title=\"- Personal Responsable del Dise\u00f1o y Direcci\u00f3n de Procedimientos Experimentales con animales, IV Edici\u00f3n, del 1 al 26 de octubre.\">&#8211; Staff Responsible for Design and Management of Animal Experimental Procedures , Fourth Edition , 1 through October 26 . <\/span><span title=\"Formato semipresencial: Teor\u00eda y pr\u00e1cticas no presenciales \u201con-line\u201d, y pr\u00e1cticas presenciales y examen final los d\u00edas 25 y 26 de octubre.\">Semipresential : Theory and practicals &#8221; on- line &#8221; and practicals and final exam on 25 and 26 October. <\/span><span title=\"Coste 600 \u20ac.\">Cost \u20ac 600 .<\/p>\n<p><\/span><span title=\"- Acreditaci\u00f3n C: Responsable del dise\u00f1o y Direcci\u00f3n de Procedimientos Experimentales con animales con previa acreditaci\u00f3n B, II Edici\u00f3n, del 1 al 26 de octubre.\">&#8211; Accreditation C : Responsible for the design and Management Experimental Procedures involving animals with proof B , II Edition , 1 through October 26 . <\/span><span title=\"Formato semipresencial: Teor\u00eda y pr\u00e1cticas no presenciales \u201con-line\u201d, y pr\u00e1cticas presenciales y examen final los d\u00edas 25 y 26 de octubre.\">Semipresential : Theory and practicals &#8221; on- line &#8221; and practicals and final exam on 25 and 26 October. <\/span><span title=\"Coste 300 \u20ac.\">Cost \u20ac 300 .<\/p>\n<p><\/span><span title=\"Todos estos cursos est\u00e1n acreditados por la Generalitat Valenciana, y la celebraci\u00f3n de cada una de las ediciones est\u00e1 sujeta a tener el m\u00ednimo de alumnos inscritos en cada uno de ellos.\">All these courses are accredited by the Generalitat Valenciana, and holding each of the editions is subject to having the minimum number of students in each of them.<\/p>\n<p><\/span><span title=\"Para la formaci\u00f3n no presencial, se va a emplear la plataforma Goumh, por lo que las personas interesadas en realizarlo deber\u00e1n tener una direcci\u00f3n de correo electr\u00f3nico de Goumh o de Gmail para aquellos inscritos que no sean miembros de la UMH.\">For distance training , be employed Goumh platform , so that people interested in making it should have an email address or Gmail Goumh for those enrollees who are not members of the UMH .<\/p>\n<p><\/span><span title=\"Las p\u00e1ginas web en las que se desarrollar\u00e1n los cursos de Experimentador y Responsable est\u00e1n de momento en abierto para que todos pod\u00e1is inspeccionarlos.\">The websites in which courses will be developed and Head Experimenter of time are open so everyone can inspect .<\/p>\n<p><\/span><span title=\"Pod\u00e9is encontrar la informaci\u00f3n sobre preinscripci\u00f3n e inscripci\u00f3n, programa, etc.\">You can find information on pre-registration and registration , program, etc. . <\/span><span title=\"en el buscador de estudios de la UMH: http:\/\/universite.umh.es\/fpo\/buscador.asp (cursos 2013\/2014) y en la p\u00e1gina web del SEA: https:\/\/sea.umh.es.\">in the form of studies of the UMH : http:\/\/universite.umh.es\/fpo\/buscador.asp (courses 2013\/2014 ) and the SEA website : https:\/\/sea.umh.es . <\/span><span title=\"Las personas de contacto somos: Gloria Amores: g.amores@umh.es (965 919 391) y servidor: animalario@umh.es (965 919 503).\">The contact persons are : Gloria Amores : g.amores @ umh.es ( 965 919 391 ) and server : animalario@umh.es ( 965 919 503 ) . <\/span><span title=\"Una vez preinscritos se genera el recibo que habr\u00e1 que abonar para hacer efectiva la inscripci\u00f3n.\">Once pre-registered receipt is generated and should be paid to effect the registration.<\/span><\/span><\/p>\n<div id=\"gt-res-wrap\">\n<div id=\"gt-res-content\">\n<div dir=\"ltr\" style=\"text-align: right\">Translate with Google traductor<\/div>\n<\/div>\n<\/div>\n<p><\/p>","protected":false},"excerpt":{"rendered":"<p>Courses to develop in October 2013 :<br \/>\nThey are opened for pre-registration and registration deadlines in 2013 Animal Experimentation courses organized by the Animal Experimentation Service of the UMH , and as other years are:<br \/>\n&#8211; Animal Experimenter VI Edition: 1 to October 19 . Semipresential : Theory and practicals &#8221; on- line &#8221; and practicals and [&#8230;]<\/p>\n","protected":false},"author":441,"featured_media":0,"parent":0,"menu_order":1,"comment_status":"closed","ping_status":"closed","template":"","meta":{"_links_to":"","_links_to_target":""},"_links":{"self":[{"href":"https:\/\/sea.umh.es\/en\/wp-json\/wp\/v2\/pages\/584"}],"collection":[{"href":"https:\/\/sea.umh.es\/en\/wp-json\/wp\/v2\/pages"}],"about":[{"href":"https:\/\/sea.umh.es\/en\/wp-json\/wp\/v2\/types\/page"}],"author":[{"embeddable":true,"href":"https:\/\/sea.umh.es\/en\/wp-json\/wp\/v2\/users\/441"}],"replies":[{"embeddable":true,"href":"https:\/\/sea.umh.es\/en\/wp-json\/wp\/v2\/comments?post=584"}],"version-history":[{"count":0,"href":"https:\/\/sea.umh.es\/en\/wp-json\/wp\/v2\/pages\/584\/revisions"}],"wp:attachment":[{"href":"https:\/\/sea.umh.es\/en\/wp-json\/wp\/v2\/media?parent=584"}],"curies":[{"name":"wp","href":"https:\/\/api.w.org\/{rel}","templated":true}]}}