{"id":285,"date":"2011-07-14T09:59:19","date_gmt":"2011-07-14T07:59:19","guid":{"rendered":"http:\/\/sea.zeus.umh.es\/?page_id=285"},"modified":"2024-05-09T17:11:29","modified_gmt":"2024-05-09T15:11:29","slug":"analiticas-de-animales-y-salas","status":"publish","type":"page","link":"https:\/\/sea.umh.es\/en\/novedades-y-documentos-de-interes\/analiticas-de-animales-y-salas\/","title":{"rendered":"Animal, facilities and safety cabinets Health Report"},"content":{"rendered":"<p><\/p>\n<p>Following the SEA commitments to quality, we enclose the results of the latest analytical made \u200b\u200bboth the animals and the rooms in which are housed.<\/p>\n<p><a href=\"https:\/\/sea.umh.es\/files\/2011\/07\/contaminacion-ambiental-tabla-recuento-23-05-2011.pdf\">Contaminacion ambiental tabla recuento-23-05-2011<\/a><\/p>\n<p><a href=\"https:\/\/sea.umh.es\/files\/2012\/01\/contaminacion-ambiental-tabla-recuento-17-10-2011s.pdf\">Contaminacion Ambiental Tabla Recuento-17-10-2011<\/a><\/p>\n<p><a href=\"https:\/\/sea.umh.es\/files\/2012\/03\/contaminacion-ambiental-enero-febrero-2012.pdf\">Contaminacion ambiental enero-febrero 2012<\/a><\/p>\n<p><a href=\"https:\/\/sea.umh.es\/files\/2011\/07\/tabla-recuento-microbiologico-mayo-junio-20121.pdf\">Contaminaci\u00f3n ambiental mayo-junio 2012<\/a><\/p>\n<p><a href=\"https:\/\/sea.umh.es\/files\/2011\/07\/controles-raton-area-estabulacion-sea-rmg.pdf\">Controles rat\u00f3n \u00e1rea estabulaci\u00f3n SEA-RMG<\/a><\/p>\n<p><a href=\"https:\/\/sea.umh.es\/files\/2011\/07\/controles-raton-area-transgenicos-sea-rmg.pdf\">Controles rat\u00f3n \u00e1rea Transg\u00e9nesis SEA-RMG<\/a><\/p>\n<p><a href=\"https:\/\/sea.umh.es\/files\/2011\/07\/controles-raton-rata-y-cobaya-sea-elx-y-sea-sj.pdf\">Controles rat\u00f3n, rata y cobaya SEA-Elx y SEA-SJ<\/a>\u00a0: 2011<\/p>\n<p><a href=\"https:\/\/sea.umh.es\/files\/2011\/07\/12-5767fr1.pdf\">Controles rat\u00f3n y rata SEA SJ y SEA Elche 2012<\/a><\/p>\n<p><a href=\"https:\/\/sea.umh.es\/files\/2011\/07\/12-5768fr.pdf\">Controles cobaya SEA SJ y SEA Elche 2012<\/a><\/p>\n<p><a href=\"https:\/\/sea.umh.es\/files\/2011\/07\/RMG-1\u00ba-2012.pdf\">Controles RMG 2012<\/a><\/p>\n<p><\/p>","protected":false},"excerpt":{"rendered":"<p>Following the SEA commitments to quality, we enclose the results of the latest analytical made \u200b\u200bboth the animals and the rooms in which are housed.<br \/>\nContaminacion ambiental tabla recuento-23-05-2011<br \/>\nContaminacion Ambiental Tabla Recuento-17-10-2011<br \/>\nContaminacion ambiental enero-febrero 2012<br \/>\nContaminaci\u00f3n ambiental mayo-junio 2012<br \/>\nControles rat\u00f3n \u00e1rea estabulaci\u00f3n SEA-RMG<br \/>\nControles rat\u00f3n \u00e1rea Transg\u00e9nesis SEA-RMG<br \/>\nControles rat\u00f3n, rata y cobaya SEA-Elx y SEA-SJ\u00a0: 2011<br \/>\nControles rat\u00f3n y [&#8230;]<\/p>\n","protected":false},"author":441,"featured_media":0,"parent":161,"menu_order":0,"comment_status":"closed","ping_status":"closed","template":"","meta":{"_links_to":"","_links_to_target":""},"_links":{"self":[{"href":"https:\/\/sea.umh.es\/en\/wp-json\/wp\/v2\/pages\/285"}],"collection":[{"href":"https:\/\/sea.umh.es\/en\/wp-json\/wp\/v2\/pages"}],"about":[{"href":"https:\/\/sea.umh.es\/en\/wp-json\/wp\/v2\/types\/page"}],"author":[{"embeddable":true,"href":"https:\/\/sea.umh.es\/en\/wp-json\/wp\/v2\/users\/441"}],"replies":[{"embeddable":true,"href":"https:\/\/sea.umh.es\/en\/wp-json\/wp\/v2\/comments?post=285"}],"version-history":[{"count":0,"href":"https:\/\/sea.umh.es\/en\/wp-json\/wp\/v2\/pages\/285\/revisions"}],"up":[{"embeddable":true,"href":"https:\/\/sea.umh.es\/en\/wp-json\/wp\/v2\/pages\/161"}],"wp:attachment":[{"href":"https:\/\/sea.umh.es\/en\/wp-json\/wp\/v2\/media?parent=285"}],"curies":[{"name":"wp","href":"https:\/\/api.w.org\/{rel}","templated":true}]}}