{"id":584,"date":"2013-01-22T09:46:18","date_gmt":"2013-01-22T08:46:18","guid":{"rendered":"http:\/\/sea.umh.es\/?page_id=584"},"modified":"2023-02-23T17:14:39","modified_gmt":"2023-02-23T16:14:39","slug":"recursos-de-experimentacion-animal","status":"publish","type":"page","link":"https:\/\/sea.umh.es\/ca\/recursos-de-experimentacion-animal\/","title":{"rendered":"Recursos en Experimentaci\u00f3 Animal"},"content":{"rendered":"<p><strong><span style=\"color: #000000\">Cursos a desenrotllar a l&#8217;octubre de 2013:<\/span><\/strong><\/p>\n<p><span style=\"color: #000000\">S&#8217;han obert els terminis per a preinscripci\u00f3 i inscripci\u00f3 en els cursos d&#8217;Experimentaci\u00f3 Animal 2013 que organitza el Servici d&#8217;Experimentaci\u00f3 Animal de la UMH, i que com altres anys s\u00f3n: <\/span><\/p>\n<p><span style=\"color: #000000\">&#8211; Experimentador Animal VI Edici\u00f3: de l&#8217;1 al 19 d&#8217;octubre. Format semipresencial: Teoria i pr\u00e0ctiques no presencials &#8220;on-line&#8221;, i pr\u00e0ctiques presencials i examen final els dies 18 i 19 d&#8217;octubre. Cost 300 EUR.<\/span><\/p>\n<p><span style=\"color: #000000\"> &#8211; Personal Responsable del Disseny i Direcci\u00f3 de Procediments Experimentals amb animals, IV Edici\u00f3, de l&#8217;1 al 26 d&#8217;octubre. Format semipresencial: Teoria i pr\u00e0ctiques no presencials &#8220;on-line&#8221;, i pr\u00e0ctiques presencials i examen final els dies 25 i 26 d&#8217;octubre. Cost 600 EUR. <\/span><\/p>\n<p><span style=\"color: #000000\">&#8211; Acreditaci\u00f3 C: Responsable del disseny i Direcci\u00f3 de Procediments Experimentals amb animals amb pr\u00e8via acreditaci\u00f3 B, II Edici\u00f3, de l&#8217;1 al 26 d&#8217;octubre. Format semipresencial:Teoria i pr\u00e0ctiques no presencials &#8220;on-line&#8221;, i pr\u00e0ctiques presencials i examen final els dies 25 i 26 d&#8217;octubre. Cost 300 EUR. <\/span><\/p>\n<p><span style=\"color: #000000\">Tots estos cursos estan acreditats per la Generalitat Valenciana, i la celebraci\u00f3 de cada una de les edicions est\u00e0 subjecta a tindre el m\u00ednim d&#8217;alumnes inscrits en cada un d&#8217;ells. <\/span><\/p>\n<p><span style=\"color: #000000\">Per a la formaci\u00f3 no presencial, es va a emprar la plataforma Goumh, per la qual cosa les persones interessades a realitzar-ho hauran de tindre una adre\u00e7a de correu electr\u00f2nic de Goumh o de Gmail per a aquells inscrits que no siguen membres de la UMH. Les p\u00e0gines web en qu\u00e8 es desenrotllaran els cursos d&#8217;Experimentador i Responsable estan de moment en obert perqu\u00e8 tots podeu inspeccionar-los. <\/span><\/p>\n<p><span style=\"color: #000000\">Podeu trobar la informaci\u00f3 sobre preinscripci\u00f3 i inscripci\u00f3, programa, etc. en el buscador d&#8217;estudis de la UMH: http:\/\/universite.umh.es\/fpo\/buscador.asp (cursos 2013\/2014) i en la p\u00e0gina web del SEA: https:\/\/sea.umh.es. Les persones de contacte som: Gloria Amors: g.amores\\@umh.es (965 919 391) i servidor: animalario\\@umh.es (965 919 503) . Una vegada preinscrits es genera el rebut que caldr\u00e0 abonar per a fer efectiva la inscripci\u00f3.<\/span><\/p>\n<p style=\"text-align: right\">Trad\u00fcit amb Salt 4.0<\/p>\n<p><\/p>","protected":false},"excerpt":{"rendered":"<p>Cursos a desenrotllar a l&#8217;octubre de 2013:<br \/>\nS&#8217;han obert els terminis per a preinscripci\u00f3 i inscripci\u00f3 en els cursos d&#8217;Experimentaci\u00f3 Animal 2013 que organitza el Servici d&#8217;Experimentaci\u00f3 Animal de la UMH, i que com altres anys s\u00f3n:<br \/>\n&#8211; Experimentador Animal VI Edici\u00f3: de l&#8217;1 al 19 d&#8217;octubre. Format semipresencial: Teoria i pr\u00e0ctiques no presencials &#8220;on-line&#8221;, i [&#8230;]<\/p>\n","protected":false},"author":441,"featured_media":0,"parent":0,"menu_order":1,"comment_status":"closed","ping_status":"closed","template":"","meta":{"_links_to":"","_links_to_target":""},"_links":{"self":[{"href":"https:\/\/sea.umh.es\/ca\/wp-json\/wp\/v2\/pages\/584"}],"collection":[{"href":"https:\/\/sea.umh.es\/ca\/wp-json\/wp\/v2\/pages"}],"about":[{"href":"https:\/\/sea.umh.es\/ca\/wp-json\/wp\/v2\/types\/page"}],"author":[{"embeddable":true,"href":"https:\/\/sea.umh.es\/ca\/wp-json\/wp\/v2\/users\/441"}],"replies":[{"embeddable":true,"href":"https:\/\/sea.umh.es\/ca\/wp-json\/wp\/v2\/comments?post=584"}],"version-history":[{"count":0,"href":"https:\/\/sea.umh.es\/ca\/wp-json\/wp\/v2\/pages\/584\/revisions"}],"wp:attachment":[{"href":"https:\/\/sea.umh.es\/ca\/wp-json\/wp\/v2\/media?parent=584"}],"curies":[{"name":"wp","href":"https:\/\/api.w.org\/{rel}","templated":true}]}}