{"id":58,"date":"2010-07-05T13:08:50","date_gmt":"2010-07-05T11:08:50","guid":{"rendered":"http:\/\/sea.zeus.umh.es\/?page_id=58"},"modified":"2023-02-23T17:02:58","modified_gmt":"2023-02-23T16:02:58","slug":"carta-de-servicios","status":"publish","type":"page","link":"https:\/\/sea.umh.es\/ca\/presentacion\/carta-de-servicios\/","title":{"rendered":"Carta de servicis"},"content":{"rendered":"<p>En el seg\u00fcent enlla\u00e7, accedir\u00e0 al contingut de la <a href=\"https:\/\/sea.umh.es\/files\/2010\/07\/Carta-Servicios-SEA-2016.pdf\">Carta de Servicis del SEA<\/a><\/p>\n<p>Amb ella volem reflectir la nostra voluntat de servici a personal cient\u00edfic i t\u00e8cnic que empra animals d&#8217;experimentaci\u00f3.<\/p>\n<p style=\"text-align: right\">\n<p><\/p>","protected":false},"excerpt":{"rendered":"<p>En el seg\u00fcent enlla\u00e7, accedir\u00e0 al contingut de la Carta de Servicis del SEA<br \/>\nAmb ella volem reflectir la nostra voluntat de servici a personal cient\u00edfic i t\u00e8cnic que empra animals d&#8217;experimentaci\u00f3.<\/p>\n","protected":false},"author":441,"featured_media":0,"parent":38,"menu_order":3,"comment_status":"closed","ping_status":"closed","template":"","meta":{"_links_to":"","_links_to_target":""},"_links":{"self":[{"href":"https:\/\/sea.umh.es\/ca\/wp-json\/wp\/v2\/pages\/58"}],"collection":[{"href":"https:\/\/sea.umh.es\/ca\/wp-json\/wp\/v2\/pages"}],"about":[{"href":"https:\/\/sea.umh.es\/ca\/wp-json\/wp\/v2\/types\/page"}],"author":[{"embeddable":true,"href":"https:\/\/sea.umh.es\/ca\/wp-json\/wp\/v2\/users\/441"}],"replies":[{"embeddable":true,"href":"https:\/\/sea.umh.es\/ca\/wp-json\/wp\/v2\/comments?post=58"}],"version-history":[{"count":0,"href":"https:\/\/sea.umh.es\/ca\/wp-json\/wp\/v2\/pages\/58\/revisions"}],"up":[{"embeddable":true,"href":"https:\/\/sea.umh.es\/ca\/wp-json\/wp\/v2\/pages\/38"}],"wp:attachment":[{"href":"https:\/\/sea.umh.es\/ca\/wp-json\/wp\/v2\/media?parent=58"}],"curies":[{"name":"wp","href":"https:\/\/api.w.org\/{rel}","templated":true}]}}