{"id":57,"date":"2010-07-05T13:01:02","date_gmt":"2010-07-05T11:01:02","guid":{"rendered":"http:\/\/sea.zeus.umh.es\/?page_id=57"},"modified":"2023-02-23T10:35:22","modified_gmt":"2023-02-23T09:35:22","slug":"sugerencias-de-mejora","status":"publish","type":"page","link":"https:\/\/sea.umh.es\/ca\/presentacion\/sugerencias-de-mejora\/","title":{"rendered":"Suggeriments de millora"},"content":{"rendered":"<p><\/p>\n<p><span>Dins de la pol\u00edtica de Qualitat del SEA, li agrairem que ens fa\u00e7a arribar els seus suggeriments de millora o incid\u00e8ncies amb el servici a trav\u00e9s dels mitjans seg\u00fcents: <\/span><\/p>\n<p><span>Tel\u00e8fon directe: 9503 <\/span><\/p>\n<p><span>Correu electr\u00f2nic dirigit a <a href=\"mailto:animalario@umh.es\">animalario@umh.es<\/a> <\/span><\/p>\n<p><span>Correu intern dirigit a: SEA-Direcci\u00f3n, Campus de Sant Joan <\/span><\/p>\n<p><span><a href=\"https:\/\/docs.google.com\/a\/goumh.umh.es\/spreadsheet\/viewform?formkey=dDdDUXZSdG1FWGhZR04tQ25nNXl3aHc6MQ#gid=0\">Satisfacci\u00f2 d\u00b4usuaris 2012<\/a>\u00a0<\/span><\/p>\n<p style=\"text-align: right\"><span><em>Traduit amb SALT 4.0<\/em><\/span><\/p>\n<\/p>\n<p><\/p>","protected":false},"excerpt":{"rendered":"<p>Dins de la pol\u00edtica de Qualitat del SEA, li agrairem que ens fa\u00e7a arribar els seus suggeriments de millora o incid\u00e8ncies amb el servici a trav\u00e9s dels mitjans seg\u00fcents:<br \/>\nTel\u00e8fon directe: 9503<br \/>\nCorreu electr\u00f2nic dirigit a animalario@umh.es<br \/>\nCorreu intern dirigit a: SEA-Direcci\u00f3n, Campus de Sant Joan<br \/>\nSatisfacci\u00f2 d\u00b4usuaris 2012\u00a0<br \/>\nTraduit amb SALT 4.0<\/p>\n","protected":false},"author":441,"featured_media":0,"parent":38,"menu_order":5,"comment_status":"closed","ping_status":"closed","template":"","meta":{"_links_to":"","_links_to_target":""},"_links":{"self":[{"href":"https:\/\/sea.umh.es\/ca\/wp-json\/wp\/v2\/pages\/57"}],"collection":[{"href":"https:\/\/sea.umh.es\/ca\/wp-json\/wp\/v2\/pages"}],"about":[{"href":"https:\/\/sea.umh.es\/ca\/wp-json\/wp\/v2\/types\/page"}],"author":[{"embeddable":true,"href":"https:\/\/sea.umh.es\/ca\/wp-json\/wp\/v2\/users\/441"}],"replies":[{"embeddable":true,"href":"https:\/\/sea.umh.es\/ca\/wp-json\/wp\/v2\/comments?post=57"}],"version-history":[{"count":0,"href":"https:\/\/sea.umh.es\/ca\/wp-json\/wp\/v2\/pages\/57\/revisions"}],"up":[{"embeddable":true,"href":"https:\/\/sea.umh.es\/ca\/wp-json\/wp\/v2\/pages\/38"}],"wp:attachment":[{"href":"https:\/\/sea.umh.es\/ca\/wp-json\/wp\/v2\/media?parent=57"}],"curies":[{"name":"wp","href":"https:\/\/api.w.org\/{rel}","templated":true}]}}