{"id":52,"date":"2010-07-05T12:34:57","date_gmt":"2010-07-05T10:34:57","guid":{"rendered":"http:\/\/sea.zeus.umh.es\/?page_id=52"},"modified":"2023-02-23T10:39:40","modified_gmt":"2023-02-23T09:39:40","slug":"reserva-de-quirofano-y-boxes-de-comportamiento","status":"publish","type":"page","link":"https:\/\/sea.umh.es\/ca\/reserva-de-quirofano-y-boxes-de-comportamiento\/","title":{"rendered":"Reserva d&#8217;estades"},"content":{"rendered":"<p><\/p>\n<p><p>Las diversas unidades del SEA disponen de boxes de comportamiento y quir\u00f3fanos que es preciso reservar con antelaci\u00f3n.<\/p>\n<p>Para ello, con 24 horas de antelaci\u00f3n, enviar un correo electr\u00f3nico a: <a href=\"mailto:animalario@umh.es\">animalario@umh.es<\/a> especificando la sala a reservar, las horas en que se efect\u00faa dicha reserva y la persona responsable que la efect\u00faa.<\/p>\n<p>Su reserva aparecer\u00e1 reflejada en el calendario de reservas que aparece en la columna de la derecha.<\/p>\n<p>Las salas disponibles son:<\/p>\n<p>&#8211; Animalario Sant Joan: Quir\u00f3fano Experimental, Prequir\u00f3fano, Box de comportamiento 1, Box de comportamiento 2 y Box de comportamiento 3<\/p>\n<p>&#8211; Animalario de Elche: Laboratorio Experimental I (grande) y II (peque\u00f1o).<\/p>\n<p>De igual manera debe indicarnos si solicita apoyo t\u00e9cnico o no para el momento en que est\u00e9 solicitada la reserva. Esto nos posibilitar\u00e1 ofrecerles un mejor servicio.<\/p>\n<\/p>\n<p><\/p>","protected":false},"excerpt":{"rendered":"<p>Las diversas unidades del SEA disponen de boxes de comportamiento y quir\u00f3fanos que es preciso reservar con antelaci\u00f3n.<br \/>\nPara ello, con 24 horas de antelaci\u00f3n, enviar un correo electr\u00f3nico a: animalario@umh.es especificando la sala a reservar, las horas en que se efect\u00faa dicha reserva y la persona responsable que la efect\u00faa.<br \/>\nSu reserva aparecer\u00e1 reflejada en el [&#8230;]<\/p>\n","protected":false},"author":441,"featured_media":0,"parent":0,"menu_order":5,"comment_status":"closed","ping_status":"closed","template":"","meta":{"_links_to":"","_links_to_target":""},"_links":{"self":[{"href":"https:\/\/sea.umh.es\/ca\/wp-json\/wp\/v2\/pages\/52"}],"collection":[{"href":"https:\/\/sea.umh.es\/ca\/wp-json\/wp\/v2\/pages"}],"about":[{"href":"https:\/\/sea.umh.es\/ca\/wp-json\/wp\/v2\/types\/page"}],"author":[{"embeddable":true,"href":"https:\/\/sea.umh.es\/ca\/wp-json\/wp\/v2\/users\/441"}],"replies":[{"embeddable":true,"href":"https:\/\/sea.umh.es\/ca\/wp-json\/wp\/v2\/comments?post=52"}],"version-history":[{"count":0,"href":"https:\/\/sea.umh.es\/ca\/wp-json\/wp\/v2\/pages\/52\/revisions"}],"wp:attachment":[{"href":"https:\/\/sea.umh.es\/ca\/wp-json\/wp\/v2\/media?parent=52"}],"curies":[{"name":"wp","href":"https:\/\/api.w.org\/{rel}","templated":true}]}}