{"id":489,"date":"2012-05-21T15:50:12","date_gmt":"2012-05-21T15:50:12","guid":{"rendered":"http:\/\/sea.umh.es\/presentacion\/horario-de-verano\/"},"modified":"2026-03-03T10:13:40","modified_gmt":"2026-03-03T09:13:40","slug":"horario-de-atencion","status":"publish","type":"page","link":"https:\/\/sea.umh.es\/ca\/presentacion\/horario-de-atencion\/","title":{"rendered":"Horari d&#8217;atenci\u00f3 a l&#8217;usuari"},"content":{"rendered":"<p>L&#8217;horari d&#8217;atenci\u00f3 als usuaris, ve determinat tant per les directrius marcades pel calendari laboral de la UMH (Calendari laboral 2021) com per la distribuci\u00f3 del personal per a poder atendre correctament els animals i als usuaris.<\/p>\n<p>En els per\u00edodes de Serveis M\u00ednims: mes d&#8217;agost, setmana santa i nadal (indicats en el calendari laboral de cada any), s&#8217;atendr\u00e0 exclusivament els animals.<\/p>\n<p>En cas de necessitar els nostres serveis a la vesprada contacte amb:<\/p>\n<p><a href=\"mailto:animalariosantjoan@umh.es\">animalariosantjoan@umh.es<\/a><\/p>\n<p><a href=\"mailto:animalarioelx@umh.es\">animalarioelx@umh.es<\/a><\/p>\n<p style=\"text-align: right\">\n<p><\/p>","protected":false},"excerpt":{"rendered":"<p>L&#8217;horari d&#8217;atenci\u00f3 als usuaris, ve determinat tant per les directrius marcades pel calendari laboral de la UMH (Calendari laboral 2021) com per la distribuci\u00f3 del personal per a poder atendre correctament els animals i als usuaris.<br \/>\nEn els per\u00edodes de Serveis M\u00ednims: mes d&#8217;agost, setmana santa i nadal (indicats en el calendari laboral de cada any), [&#8230;]<\/p>\n","protected":false},"author":441,"featured_media":0,"parent":38,"menu_order":2,"comment_status":"closed","ping_status":"closed","template":"","meta":{"_links_to":"","_links_to_target":""},"_links":{"self":[{"href":"https:\/\/sea.umh.es\/ca\/wp-json\/wp\/v2\/pages\/489"}],"collection":[{"href":"https:\/\/sea.umh.es\/ca\/wp-json\/wp\/v2\/pages"}],"about":[{"href":"https:\/\/sea.umh.es\/ca\/wp-json\/wp\/v2\/types\/page"}],"author":[{"embeddable":true,"href":"https:\/\/sea.umh.es\/ca\/wp-json\/wp\/v2\/users\/441"}],"replies":[{"embeddable":true,"href":"https:\/\/sea.umh.es\/ca\/wp-json\/wp\/v2\/comments?post=489"}],"version-history":[{"count":0,"href":"https:\/\/sea.umh.es\/ca\/wp-json\/wp\/v2\/pages\/489\/revisions"}],"up":[{"embeddable":true,"href":"https:\/\/sea.umh.es\/ca\/wp-json\/wp\/v2\/pages\/38"}],"wp:attachment":[{"href":"https:\/\/sea.umh.es\/ca\/wp-json\/wp\/v2\/media?parent=489"}],"curies":[{"name":"wp","href":"https:\/\/api.w.org\/{rel}","templated":true}]}}