{"id":43,"date":"2010-07-02T12:49:10","date_gmt":"2010-07-02T10:49:10","guid":{"rendered":"http:\/\/sea.zeus.umh.es\/?page_id=43"},"modified":"2021-03-24T18:07:56","modified_gmt":"2021-03-24T17:07:56","slug":"legislacion-valenciana","status":"publish","type":"page","link":"https:\/\/sea.umh.es\/ca\/legislacion\/legislacion-valenciana\/","title":{"rendered":"Legislaci\u00f3 Valenciana"},"content":{"rendered":"<p><a href=\"https:\/\/sea.umh.es\/files\/2010\/07\/dogv-30-de-enero-07-decreto-proteccion-animales-fines-experimentacion1.pdf\">DECRETO 13\/2007, de 26 de enero, del Consell, sobre protecci\u00f3n de los animales utilizados para experimentaci\u00f3n y otros fines cient\u00edficos en la Comunitat Valenciana.<\/a><\/p>","protected":false},"excerpt":{"rendered":"<p>DECRETO 13\/2007, de 26 de enero, del Consell, sobre protecci\u00f3n de los animales utilizados para experimentaci\u00f3n y otros fines cient\u00edficos en la Comunitat Valenciana.<\/p>\n","protected":false},"author":441,"featured_media":0,"parent":30,"menu_order":0,"comment_status":"closed","ping_status":"closed","template":"","meta":{"_links_to":"","_links_to_target":""},"_links":{"self":[{"href":"https:\/\/sea.umh.es\/ca\/wp-json\/wp\/v2\/pages\/43"}],"collection":[{"href":"https:\/\/sea.umh.es\/ca\/wp-json\/wp\/v2\/pages"}],"about":[{"href":"https:\/\/sea.umh.es\/ca\/wp-json\/wp\/v2\/types\/page"}],"author":[{"embeddable":true,"href":"https:\/\/sea.umh.es\/ca\/wp-json\/wp\/v2\/users\/441"}],"replies":[{"embeddable":true,"href":"https:\/\/sea.umh.es\/ca\/wp-json\/wp\/v2\/comments?post=43"}],"version-history":[{"count":0,"href":"https:\/\/sea.umh.es\/ca\/wp-json\/wp\/v2\/pages\/43\/revisions"}],"up":[{"embeddable":true,"href":"https:\/\/sea.umh.es\/ca\/wp-json\/wp\/v2\/pages\/30"}],"wp:attachment":[{"href":"https:\/\/sea.umh.es\/ca\/wp-json\/wp\/v2\/media?parent=43"}],"curies":[{"name":"wp","href":"https:\/\/api.w.org\/{rel}","templated":true}]}}