{"id":42,"date":"2010-07-02T12:47:28","date_gmt":"2010-07-02T10:47:28","guid":{"rendered":"http:\/\/sea.zeus.umh.es\/?page_id=42"},"modified":"2023-06-22T14:16:26","modified_gmt":"2023-06-22T12:16:26","slug":"procedimiento-de-gestion-economica","status":"publish","type":"page","link":"https:\/\/sea.umh.es\/ca\/gestion-economica\/procedimiento-de-gestion-economica\/","title":{"rendered":"Procediment de gesti\u00f3 econ\u00f2mica"},"content":{"rendered":"<p><\/p>\n<p>Per a la correcta gesti\u00f3 econ\u00f2mica del SIGA, totes les comandes d&#8217;animals han d&#8217;arribar-nos correctament descrits en l&#8217;albar\u00e1n\/factura que emprem.<\/p>\n<p><a href=\"https:\/\/sea.umh.es\/files\/2011\/02\/formulario-albaran_factura-interna-version-castellana.doc\">formulario-albaran_factura-interna-version-castellana<\/a><\/p>\n<p><a href=\"https:\/\/sea.umh.es\/files\/2011\/02\/formulrio-albaran_factura-interna-version-valenciana.doc\">formulrio-albaran_factura-interna-version-valenciana<\/a>\u00a0<\/p>\n<p>\u00a0Per a sol\u00b7licitar medicaments, els suggerim l&#8217;ocupaci\u00f3 del formulari seg\u00fcent:<\/p>\n<p><a href=\"https:\/\/sea.umh.es\/files\/2010\/07\/solicitud-medicamentos.pdf\">solicitud-medicamentos<\/a><\/p>\n<p style=\"text-align: right\"><em>Tradu\u00eft amb SALT 4.0<\/em><\/p>\n<\/p>\n<p><\/p>","protected":false},"excerpt":{"rendered":"<p>Per a la correcta gesti\u00f3 econ\u00f2mica del SIGA, totes les comandes d&#8217;animals han d&#8217;arribar-nos correctament descrits en l&#8217;albar\u00e1n\/factura que emprem.<br \/>\nformulario-albaran_factura-interna-version-castellana<br \/>\nformulrio-albaran_factura-interna-version-valenciana\u00a0<br \/>\n\u00a0Per a sol\u00b7licitar medicaments, els suggerim l&#8217;ocupaci\u00f3 del formulari seg\u00fcent:<br \/>\nsolicitud-medicamentos<br \/>\nTradu\u00eft amb SALT 4.0<\/p>\n","protected":false},"author":441,"featured_media":0,"parent":44,"menu_order":0,"comment_status":"closed","ping_status":"closed","template":"","meta":{"_links_to":"","_links_to_target":""},"_links":{"self":[{"href":"https:\/\/sea.umh.es\/ca\/wp-json\/wp\/v2\/pages\/42"}],"collection":[{"href":"https:\/\/sea.umh.es\/ca\/wp-json\/wp\/v2\/pages"}],"about":[{"href":"https:\/\/sea.umh.es\/ca\/wp-json\/wp\/v2\/types\/page"}],"author":[{"embeddable":true,"href":"https:\/\/sea.umh.es\/ca\/wp-json\/wp\/v2\/users\/441"}],"replies":[{"embeddable":true,"href":"https:\/\/sea.umh.es\/ca\/wp-json\/wp\/v2\/comments?post=42"}],"version-history":[{"count":0,"href":"https:\/\/sea.umh.es\/ca\/wp-json\/wp\/v2\/pages\/42\/revisions"}],"up":[{"embeddable":true,"href":"https:\/\/sea.umh.es\/ca\/wp-json\/wp\/v2\/pages\/44"}],"wp:attachment":[{"href":"https:\/\/sea.umh.es\/ca\/wp-json\/wp\/v2\/media?parent=42"}],"curies":[{"name":"wp","href":"https:\/\/api.w.org\/{rel}","templated":true}]}}