{"id":38,"date":"2010-07-02T12:43:32","date_gmt":"2010-07-02T10:43:32","guid":{"rendered":"http:\/\/sea.zeus.umh.es\/presentacion\/"},"modified":"2021-11-15T12:14:47","modified_gmt":"2021-11-15T11:14:47","slug":"presentacion","status":"publish","type":"page","link":"https:\/\/sea.umh.es\/ca\/presentacion\/","title":{"rendered":"Presentaci\u00f3"},"content":{"rendered":"<p>Davall els principis generals de Reducci\u00f3, Refinament i Reempla\u00e7ament dels animals d&#8217;experimentaci\u00f3, la nostra missi\u00f3 se centra a proporcionar als investigadors models animals en la quantitat adequada i amb la qualitat sanit\u00e0ria necess\u00e0ria per a garantir el bon desenrotllament dels procediments experimentals, la qual cosa redundar\u00e0 en una menor necessitat de repetir els experiments per problemes amb els animals i per tant en un menor \u00fas d&#8217;animals d&#8217;experimentaci\u00f3.<\/p>\n<p>Per a aix\u00f2:<\/p>\n<p>&#8211; Criem, mantenim i elaborem models animals experimentals,<\/p>\n<p>&#8211; Proporcionem als investigadors el suport i la formaci\u00f3 necess\u00e0ria per al bon desenrotllament dels procediments experimentals,<\/p>\n<p>&#8211; A trav\u00e9s del control del medi ambient que rodeja els nostres animals els garantim el seu benestar i el seu bon estat sanitari.<\/p>\n<p>Tot aix\u00f2 davall el principi de l&#8217;equilibri pressupostari necessari que ha de complir tota instituci\u00f3 p\u00fablica.<\/p>\n<p><a href=\"https:\/\/sea.umh.es\/files\/2010\/07\/LOGO_IMG_AEN_174.jpg\"><img loading=\"lazy\" title=\"LOGO_IMG_AEN_174\" src=\"https:\/\/sea.umh.es\/files\/2010\/07\/LOGO_IMG_AEN_174.jpg\" alt=\"\" width=\"109\" height=\"147\" \/><\/a> <a href=\"https:\/\/sea.umh.es\/files\/2010\/07\/LOGO_IMG_AEN_1012.jpg\"><img loading=\"lazy\" title=\"LOGO_IMG_AEN_10[1]\" src=\"https:\/\/sea.umh.es\/files\/2010\/07\/LOGO_IMG_AEN_1012-150x150.jpg\" alt=\"\" width=\"150\" height=\"150\" \/><\/a><\/p>\n<p style=\"text-align: right\"><em>Traduit amb SALT 4.0<\/em><\/p>\n<p><\/p>","protected":false},"excerpt":{"rendered":"<p>Davall els principis generals de Reducci\u00f3, Refinament i Reempla\u00e7ament dels animals d&#8217;experimentaci\u00f3, la nostra missi\u00f3 se centra a proporcionar als investigadors models animals en la quantitat adequada i amb la qualitat sanit\u00e0ria necess\u00e0ria per a garantir el bon desenrotllament dels procediments experimentals, la qual cosa redundar\u00e0 en una menor necessitat de repetir els experiments per [&#8230;]<\/p>\n","protected":false},"author":441,"featured_media":0,"parent":0,"menu_order":0,"comment_status":"closed","ping_status":"closed","template":"","meta":{"_links_to":"","_links_to_target":""},"_links":{"self":[{"href":"https:\/\/sea.umh.es\/ca\/wp-json\/wp\/v2\/pages\/38"}],"collection":[{"href":"https:\/\/sea.umh.es\/ca\/wp-json\/wp\/v2\/pages"}],"about":[{"href":"https:\/\/sea.umh.es\/ca\/wp-json\/wp\/v2\/types\/page"}],"author":[{"embeddable":true,"href":"https:\/\/sea.umh.es\/ca\/wp-json\/wp\/v2\/users\/441"}],"replies":[{"embeddable":true,"href":"https:\/\/sea.umh.es\/ca\/wp-json\/wp\/v2\/comments?post=38"}],"version-history":[{"count":0,"href":"https:\/\/sea.umh.es\/ca\/wp-json\/wp\/v2\/pages\/38\/revisions"}],"wp:attachment":[{"href":"https:\/\/sea.umh.es\/ca\/wp-json\/wp\/v2\/media?parent=38"}],"curies":[{"name":"wp","href":"https:\/\/api.w.org\/{rel}","templated":true}]}}