{"id":36,"date":"2010-07-02T12:41:43","date_gmt":"2010-07-02T10:41:43","guid":{"rendered":"http:\/\/sea.zeus.umh.es\/tarifas-del-sea\/"},"modified":"2026-01-30T13:24:27","modified_gmt":"2026-01-30T12:24:27","slug":"tarifas-del-sea","status":"publish","type":"page","link":"https:\/\/sea.umh.es\/ca\/gestion-economica\/tarifas-del-sea\/","title":{"rendered":"Tarifes del SEA"},"content":{"rendered":"<p><span dir=\"auto\" style=\"vertical-align: inherit\"><span dir=\"auto\" style=\"vertical-align: inherit\">Les tarifes del SEA estan basades en els costos de producci\u00f3 i manteniment de les diferents esp\u00e8cies animals i s\u00f3n revisades amb car\u00e0cter anual i han de ser aprovades tant pel Consell de Govern com pel Consell Social de la UMH.<\/span><\/span><\/p>\n<p><span dir=\"auto\" style=\"vertical-align: inherit\"><span dir=\"auto\" style=\"vertical-align: inherit\">Poden trobar-se annexades als pressupostos anuals de la Universitat.<\/span><\/span><\/p>\n<p><span dir=\"auto\" style=\"vertical-align: inherit\"><span dir=\"auto\" style=\"vertical-align: inherit\">En vigor:<\/span><\/span><\/p>\n<p><a href=\"https:\/\/sea.umh.es\/files\/2026\/01\/ANEXO-T-IV-TARIFAS-SEA-1.pdf\"><span style=\"color: #0000ff\"><span dir=\"auto\" style=\"vertical-align: inherit\"><span dir=\"auto\" style=\"vertical-align: inherit\">Tarifes SEA 2026<\/span><\/span><\/span><\/a><\/p>\n<p><span style=\"color: #0000ff\"><a style=\"color: #0000ff\" href=\"https:\/\/docs.google.com\/spreadsheets\/d\/1wFh5pl16iqnrPgB90hQF7sr9i7tC53bxY5NTiAR-ecM\/edit?usp=sharing\"><span dir=\"auto\" style=\"vertical-align: inherit\"><span dir=\"auto\" style=\"vertical-align: inherit\">Costos de medicaments i altres productes subministrats pel SEA<\/span><\/span><\/a><\/span><\/p>","protected":false},"excerpt":{"rendered":"<p>Les tarifes del SEA estan basades en els costos de producci\u00f3 i manteniment de les diferents esp\u00e8cies animals i s\u00f3n revisades amb car\u00e0cter anual i han de ser aprovades tant pel Consell de Govern com pel Consell Social de la UMH.<br \/>\nPoden trobar-se annexades als pressupostos anuals de la Universitat.<br \/>\nEn vigor:<br \/>\nTarifes SEA 2026<br \/>\nCostos de medicaments i [&#8230;]<\/p>\n","protected":false},"author":441,"featured_media":0,"parent":44,"menu_order":0,"comment_status":"closed","ping_status":"closed","template":"","meta":{"_links_to":"","_links_to_target":""},"_links":{"self":[{"href":"https:\/\/sea.umh.es\/ca\/wp-json\/wp\/v2\/pages\/36"}],"collection":[{"href":"https:\/\/sea.umh.es\/ca\/wp-json\/wp\/v2\/pages"}],"about":[{"href":"https:\/\/sea.umh.es\/ca\/wp-json\/wp\/v2\/types\/page"}],"author":[{"embeddable":true,"href":"https:\/\/sea.umh.es\/ca\/wp-json\/wp\/v2\/users\/441"}],"replies":[{"embeddable":true,"href":"https:\/\/sea.umh.es\/ca\/wp-json\/wp\/v2\/comments?post=36"}],"version-history":[{"count":0,"href":"https:\/\/sea.umh.es\/ca\/wp-json\/wp\/v2\/pages\/36\/revisions"}],"up":[{"embeddable":true,"href":"https:\/\/sea.umh.es\/ca\/wp-json\/wp\/v2\/pages\/44"}],"wp:attachment":[{"href":"https:\/\/sea.umh.es\/ca\/wp-json\/wp\/v2\/media?parent=36"}],"curies":[{"name":"wp","href":"https:\/\/api.w.org\/{rel}","templated":true}]}}