{"id":30,"date":"2010-07-02T11:56:20","date_gmt":"2010-07-02T09:56:20","guid":{"rendered":"http:\/\/sea.zeus.umh.es\/?page_id=30"},"modified":"2021-06-22T12:20:54","modified_gmt":"2021-06-22T10:20:54","slug":"legislacion","status":"publish","type":"page","link":"https:\/\/sea.umh.es\/ca\/legislacion\/","title":{"rendered":"Legislaci\u00f3"},"content":{"rendered":"<p>Les ofrecemos las principales leyes que afectan al uso de animales de experimentaci\u00f3n: europea, espa\u00f1ola y valenciana<\/p>\n<p>Cualquier novedad en \u00e9ste sentido ser\u00e1 introducida tanto en Novedades como en el apartado correspondiente de legislaci\u00f3n<\/p>","protected":false},"excerpt":{"rendered":"<p>Les ofrecemos las principales leyes que afectan al uso de animales de experimentaci\u00f3n: europea, espa\u00f1ola y valenciana<br \/>\nCualquier novedad en \u00e9ste sentido ser\u00e1 introducida tanto en Novedades como en el apartado correspondiente de legislaci\u00f3n<\/p>\n","protected":false},"author":441,"featured_media":0,"parent":0,"menu_order":2,"comment_status":"closed","ping_status":"closed","template":"","meta":{"_links_to":"","_links_to_target":""},"_links":{"self":[{"href":"https:\/\/sea.umh.es\/ca\/wp-json\/wp\/v2\/pages\/30"}],"collection":[{"href":"https:\/\/sea.umh.es\/ca\/wp-json\/wp\/v2\/pages"}],"about":[{"href":"https:\/\/sea.umh.es\/ca\/wp-json\/wp\/v2\/types\/page"}],"author":[{"embeddable":true,"href":"https:\/\/sea.umh.es\/ca\/wp-json\/wp\/v2\/users\/441"}],"replies":[{"embeddable":true,"href":"https:\/\/sea.umh.es\/ca\/wp-json\/wp\/v2\/comments?post=30"}],"version-history":[{"count":0,"href":"https:\/\/sea.umh.es\/ca\/wp-json\/wp\/v2\/pages\/30\/revisions"}],"wp:attachment":[{"href":"https:\/\/sea.umh.es\/ca\/wp-json\/wp\/v2\/media?parent=30"}],"curies":[{"name":"wp","href":"https:\/\/api.w.org\/{rel}","templated":true}]}}